{"id":3042,"date":"2022-02-17T14:21:10","date_gmt":"2022-02-17T19:21:10","guid":{"rendered":"https:\/\/galkoelectrique.com\/?page_id=3042"},"modified":"2022-02-17T14:21:10","modified_gmt":"2022-02-17T19:21:10","slug":"nous-joindre","status":"publish","type":"page","link":"https:\/\/galkoelectrique.com\/en\/nous-joindre\/","title":{"rendered":"Nous joindre"},"content":{"rendered":"\t\t<div data-elementor-type=\"wp-post\" data-elementor-id=\"3042\" class=\"elementor elementor-3042 elementor-1021\" data-elementor-post-type=\"page\">\n\t\t\t\t\t\t<section class=\"elementor-section elementor-top-section elementor-element elementor-element-7b5e026 elementor-section-height-min-height elementor-section-boxed elementor-section-height-default elementor-section-items-middle\" data-id=\"7b5e026\" data-element_type=\"section\" data-e-type=\"section\" id=\"hero\" data-settings=\"{&quot;background_background&quot;:&quot;classic&quot;}\">\n\t\t\t\t\t\t\t<div class=\"elementor-background-overlay\"><\/div>\n\t\t\t\t\t\t\t<div class=\"elementor-container elementor-column-gap-default\">\n\t\t\t\t\t<div class=\"elementor-column elementor-col-100 elementor-top-column elementor-element elementor-element-1b59699\" data-id=\"1b59699\" data-element_type=\"column\" data-e-type=\"column\">\n\t\t\t<div class=\"elementor-widget-wrap elementor-element-populated\">\n\t\t\t\t\t\t<div class=\"elementor-element elementor-element-54445a0 elementor-widget elementor-widget-heading\" data-id=\"54445a0\" data-element_type=\"widget\" data-e-type=\"widget\" data-widget_type=\"heading.default\">\n\t\t\t\t<div class=\"elementor-widget-container\">\n\t\t\t\t\t<h1 class=\"elementor-heading-title elementor-size-default\">NOUS JOINDRE<\/h1>\t\t\t\t<\/div>\n\t\t\t\t<\/div>\n\t\t\t\t\t<\/div>\n\t\t<\/div>\n\t\t\t\t\t<\/div>\n\t\t<\/section>\n\t\t\t\t<section class=\"elementor-section elementor-top-section elementor-element elementor-element-00916c1 elementor-section-boxed elementor-section-height-default elementor-section-height-default\" data-id=\"00916c1\" data-element_type=\"section\" data-e-type=\"section\" data-settings=\"{&quot;background_background&quot;:&quot;classic&quot;}\">\n\t\t\t\t\t\t<div class=\"elementor-container elementor-column-gap-default\">\n\t\t\t\t\t<div class=\"elementor-column elementor-col-100 elementor-top-column elementor-element elementor-element-43f6f27\" data-id=\"43f6f27\" data-element_type=\"column\" data-e-type=\"column\">\n\t\t\t<div class=\"elementor-widget-wrap elementor-element-populated\">\n\t\t\t\t\t\t<div class=\"elementor-element elementor-element-8494a08 elementor-invisible elementor-widget elementor-widget-heading\" data-id=\"8494a08\" data-element_type=\"widget\" data-e-type=\"widget\" data-settings=\"{&quot;_animation&quot;:&quot;fadeInUp&quot;,&quot;_animation_delay&quot;:1000}\" data-widget_type=\"heading.default\">\n\t\t\t\t<div class=\"elementor-widget-container\">\n\t\t\t\t\t<h4 class=\"elementor-heading-title elementor-size-default\">ATTENTION! Seul un entrepreneur \u00e9lectricien peut faire des travaux d\u2019\u00e9lectricit\u00e9, \u00e0 titre de b\u00e9n\u00e9vole ou non!<\/h4>\t\t\t\t<\/div>\n\t\t\t\t<\/div>\n\t\t\t\t<div class=\"elementor-element elementor-element-c875550 elementor-invisible elementor-widget elementor-widget-heading\" data-id=\"c875550\" data-element_type=\"widget\" data-e-type=\"widget\" data-settings=\"{&quot;_animation&quot;:&quot;fadeInUp&quot;,&quot;_animation_delay&quot;:1500}\" data-widget_type=\"heading.default\">\n\t\t\t\t<div class=\"elementor-widget-container\">\n\t\t\t\t\t<h5 class=\"elementor-heading-title elementor-size-default\"><a href=\"https:\/\/www.cmeq.org\/trouver-un-entrepreneur\/\">V\u00e9rifiez les permis d\u2019\u00e9lectricit\u00e9 de vos entrepreneurs ici \u00bb<\/a><\/h5>\t\t\t\t<\/div>\n\t\t\t\t<\/div>\n\t\t\t\t\t<\/div>\n\t\t<\/div>\n\t\t\t\t\t<\/div>\n\t\t<\/section>\n\t\t\t\t<section class=\"elementor-section elementor-top-section elementor-element elementor-element-98d6e70 elementor-section-boxed elementor-section-height-default elementor-section-height-default\" data-id=\"98d6e70\" data-element_type=\"section\" data-e-type=\"section\">\n\t\t\t\t\t\t<div class=\"elementor-container elementor-column-gap-default\">\n\t\t\t\t\t<div class=\"elementor-column elementor-col-100 elementor-top-column elementor-element elementor-element-82aa690\" data-id=\"82aa690\" data-element_type=\"column\" data-e-type=\"column\">\n\t\t\t<div class=\"elementor-widget-wrap elementor-element-populated\">\n\t\t\t\t\t\t<div class=\"elementor-element elementor-element-75a2a9a elementor-widget elementor-widget-heading\" data-id=\"75a2a9a\" data-element_type=\"widget\" data-e-type=\"widget\" data-widget_type=\"heading.default\">\n\t\t\t\t<div class=\"elementor-widget-container\">\n\t\t\t\t\t<h4 class=\"elementor-heading-title elementor-size-large\"><b>PAR T\u00c9L\u00c9PHONE<\/b><\/h4>\t\t\t\t<\/div>\n\t\t\t\t<\/div>\n\t\t\t\t<div class=\"elementor-element elementor-element-dd9c1f9 elementor-position-inline-start elementor-view-default elementor-mobile-position-block-start elementor-widget elementor-widget-icon-box\" data-id=\"dd9c1f9\" data-element_type=\"widget\" data-e-type=\"widget\" data-widget_type=\"icon-box.default\">\n\t\t\t\t<div class=\"elementor-widget-container\">\n\t\t\t\t\t\t\t<div class=\"elementor-icon-box-wrapper\">\n\n\t\t\t\t\t\t<div class=\"elementor-icon-box-icon\">\n\t\t\t\t<a href=\"tel:5146374884\" class=\"elementor-icon\" tabindex=\"-1\" aria-label=\"&lt;h4 data-elementor-setting-key=&quot;title&quot; data-pen-placeholder=&quot;Saisir ici...&quot; style=&quot;font-size: 29px; font-style: normal; margin-bottom: 0px; color: rgb(3, 84, 164); line-height: 1.6em; text-align: center;&quot;&gt;&lt;\/h4&gt;514 637-4884 \">\n\t\t\t\t<i aria-hidden=\"true\" class=\"fas fa-phone-square\"><\/i>\t\t\t\t<\/a>\n\t\t\t<\/div>\n\t\t\t\n\t\t\t\t\t\t<div class=\"elementor-icon-box-content\">\n\n\t\t\t\t\t\t\t\t\t<h3 class=\"elementor-icon-box-title\">\n\t\t\t\t\t\t<a href=\"tel:5146374884\" >\n\t\t\t\t\t\t\t<h4 data-elementor-setting-key=\"title\" data-pen-placeholder=\"Saisir ici...\" style=\"font-size: 29px;font-style: normal;margin-bottom: 0px;line-height: 1.6em;text-align: center\"><\/h4>514 637-4884 \t\t\t\t\t\t<\/a>\n\t\t\t\t\t<\/h3>\n\t\t\t\t\n\t\t\t\t\t\t\t\t\t<p class=\"elementor-icon-box-description\">\n\t\t\t\t\t\tOUVERT DU LUNDI AU VENDREDI DE <b>8 H \u00c0 17 H<\/b>\t\t\t\t\t<\/p>\n\t\t\t\t\n\t\t\t<\/div>\n\t\t\t\n\t\t<\/div>\n\t\t\t\t\t\t<\/div>\n\t\t\t\t<\/div>\n\t\t\t\t\t<\/div>\n\t\t<\/div>\n\t\t\t\t\t<\/div>\n\t\t<\/section>\n\t\t\t\t<section class=\"elementor-section elementor-top-section elementor-element elementor-element-243d4e1 elementor-section-boxed elementor-section-height-default elementor-section-height-default\" data-id=\"243d4e1\" data-element_type=\"section\" data-e-type=\"section\">\n\t\t\t\t\t\t<div class=\"elementor-container elementor-column-gap-default\">\n\t\t\t\t\t<div class=\"elementor-column elementor-col-100 elementor-top-column elementor-element elementor-element-bd3621a\" data-id=\"bd3621a\" data-element_type=\"column\" data-e-type=\"column\">\n\t\t\t<div class=\"elementor-widget-wrap elementor-element-populated\">\n\t\t\t\t\t\t<div class=\"elementor-element elementor-element-890eaf2 elementor-widget elementor-widget-heading\" data-id=\"890eaf2\" data-element_type=\"widget\" data-e-type=\"widget\" data-widget_type=\"heading.default\">\n\t\t\t\t<div class=\"elementor-widget-container\">\n\t\t\t\t\t<h4 class=\"elementor-heading-title elementor-size-large\"><b>PAR COURRIEL<\/b><\/h4>\t\t\t\t<\/div>\n\t\t\t\t<\/div>\n\t\t\t\t<div class=\"elementor-element elementor-element-71599bd elementor-position-inline-start elementor-view-default elementor-mobile-position-block-start elementor-widget elementor-widget-icon-box\" data-id=\"71599bd\" data-element_type=\"widget\" data-e-type=\"widget\" data-widget_type=\"icon-box.default\">\n\t\t\t\t<div class=\"elementor-widget-container\">\n\t\t\t\t\t\t\t<div class=\"elementor-icon-box-wrapper\">\n\n\t\t\t\t\t\t<div class=\"elementor-icon-box-icon\">\n\t\t\t\t<a href=\"mailto:info@galkoelectrique.com\" class=\"elementor-icon\" tabindex=\"-1\" aria-label=\"info@galkoelectrique.com\">\n\t\t\t\t<i aria-hidden=\"true\" class=\"fas fa-envelope\"><\/i>\t\t\t\t<\/a>\n\t\t\t<\/div>\n\t\t\t\n\t\t\t\t\t\t<div class=\"elementor-icon-box-content\">\n\n\t\t\t\t\t\t\t\t\t<h3 class=\"elementor-icon-box-title\">\n\t\t\t\t\t\t<a href=\"mailto:info@galkoelectrique.com\" >\n\t\t\t\t\t\t\tinfo@galkoelectrique.com\t\t\t\t\t\t<\/a>\n\t\t\t\t\t<\/h3>\n\t\t\t\t\n\t\t\t\t\n\t\t\t<\/div>\n\t\t\t\n\t\t<\/div>\n\t\t\t\t\t\t<\/div>\n\t\t\t\t<\/div>\n\t\t\t\t\t<\/div>\n\t\t<\/div>\n\t\t\t\t\t<\/div>\n\t\t<\/section>\n\t\t\t\t<section class=\"elementor-section elementor-top-section elementor-element elementor-element-1092dd2 elementor-section-boxed elementor-section-height-default elementor-section-height-default\" data-id=\"1092dd2\" data-element_type=\"section\" data-e-type=\"section\">\n\t\t\t\t\t\t<div class=\"elementor-container elementor-column-gap-default\">\n\t\t\t\t\t<div class=\"elementor-column elementor-col-100 elementor-top-column elementor-element elementor-element-5b68278\" data-id=\"5b68278\" data-element_type=\"column\" data-e-type=\"column\">\n\t\t\t<div class=\"elementor-widget-wrap elementor-element-populated\">\n\t\t\t\t\t\t<div class=\"elementor-element elementor-element-1e0816a elementor-widget elementor-widget-heading\" data-id=\"1e0816a\" data-element_type=\"widget\" data-e-type=\"widget\" data-widget_type=\"heading.default\">\n\t\t\t\t<div class=\"elementor-widget-container\">\n\t\t\t\t\t<h4 class=\"elementor-heading-title elementor-size-large\"><b>SUR LES M\u00c9DIAS SOCIAUX<\/b><\/h4>\t\t\t\t<\/div>\n\t\t\t\t<\/div>\n\t\t\t\t<div class=\"elementor-element elementor-element-d1b0bd8 elementor-view-default elementor-widget elementor-widget-icon\" data-id=\"d1b0bd8\" data-element_type=\"widget\" data-e-type=\"widget\" data-widget_type=\"icon.default\">\n\t\t\t\t<div class=\"elementor-widget-container\">\n\t\t\t\t\t\t\t<div class=\"elementor-icon-wrapper\">\n\t\t\t<a class=\"elementor-icon\" href=\"https:\/\/www.facebook.com\/GalkoElec\/\">\n\t\t\t<i aria-hidden=\"true\" class=\"fab fa-facebook-square\"><\/i>\t\t\t<\/a>\n\t\t<\/div>\n\t\t\t\t\t\t<\/div>\n\t\t\t\t<\/div>\n\t\t\t\t\t<\/div>\n\t\t<\/div>\n\t\t\t\t\t<\/div>\n\t\t<\/section>\n\t\t\t\t<\/div>\n\t\t","protected":false},"excerpt":{"rendered":"<p>NOUS JOINDRE ATTENTION! Seul un entrepreneur \u00e9lectricien peut faire des travaux d\u2019\u00e9lectricit\u00e9, \u00e0 titre de b\u00e9n\u00e9vole ou non! V\u00e9rifiez les permis d\u2019\u00e9lectricit\u00e9 de vos entrepreneurs ici \u00bb PAR T\u00c9L\u00c9PHONE 514 637-4884 OUVERT DU LUNDI AU VENDREDI DE 8 H \u00c0 17 H PAR COURRIEL info@galkoelectrique.com SUR LES M\u00c9DIAS SOCIAUX<\/p>\n","protected":false},"author":7,"featured_media":0,"parent":0,"menu_order":7,"comment_status":"closed","ping_status":"closed","template":"","meta":{"_acf_changed":false,"footnotes":""},"class_list":["post-3042","page","type-page","status-publish","hentry"],"acf":[],"yoast_head":"<!-- This site is optimized with the Yoast SEO plugin v27.1.1 - https:\/\/yoast.com\/product\/yoast-seo-wordpress\/ -->\n<title>Nous joindre - Galko \u00c9lectrique<\/title>\n<meta name=\"robots\" content=\"index, follow, max-snippet:-1, max-image-preview:large, max-video-preview:-1\" \/>\n<link rel=\"canonical\" href=\"https:\/\/galkoelectrique.com\/en\/nous-joindre\/\" \/>\n<meta property=\"og:locale\" content=\"en_US\" \/>\n<meta property=\"og:type\" content=\"article\" \/>\n<meta property=\"og:title\" content=\"Nous joindre - Galko \u00c9lectrique\" \/>\n<meta property=\"og:description\" content=\"NOUS JOINDRE ATTENTION! Seul un entrepreneur \u00e9lectricien peut faire des travaux d\u2019\u00e9lectricit\u00e9, \u00e0 titre de b\u00e9n\u00e9vole ou non! V\u00e9rifiez les permis d\u2019\u00e9lectricit\u00e9 de vos entrepreneurs ici \u00bb PAR T\u00c9L\u00c9PHONE 514 637-4884 OUVERT DU LUNDI AU VENDREDI DE 8 H \u00c0 17 H PAR COURRIEL info@galkoelectrique.com SUR LES M\u00c9DIAS SOCIAUX\" \/>\n<meta property=\"og:url\" content=\"https:\/\/galkoelectrique.com\/en\/nous-joindre\/\" \/>\n<meta property=\"og:site_name\" content=\"Galko \u00c9lectrique\" \/>\n<meta name=\"twitter:card\" content=\"summary_large_image\" \/>\n<meta name=\"twitter:label1\" content=\"Est. reading time\" \/>\n\t<meta name=\"twitter:data1\" content=\"1 minute\" \/>\n<script type=\"application\/ld+json\" class=\"yoast-schema-graph\">{\"@context\":\"https:\/\/schema.org\",\"@graph\":[{\"@type\":\"WebPage\",\"@id\":\"https:\/\/galkoelectrique.com\/en\/nous-joindre\/\",\"url\":\"https:\/\/galkoelectrique.com\/en\/nous-joindre\/\",\"name\":\"Nous joindre - Galko \u00c9lectrique\",\"isPartOf\":{\"@id\":\"https:\/\/galkoelectrique.com\/#website\"},\"datePublished\":\"2022-02-17T19:21:10+00:00\",\"breadcrumb\":{\"@id\":\"https:\/\/galkoelectrique.com\/en\/nous-joindre\/#breadcrumb\"},\"inLanguage\":\"en-US\",\"potentialAction\":[{\"@type\":\"ReadAction\",\"target\":[\"https:\/\/galkoelectrique.com\/en\/nous-joindre\/\"]}]},{\"@type\":\"BreadcrumbList\",\"@id\":\"https:\/\/galkoelectrique.com\/en\/nous-joindre\/#breadcrumb\",\"itemListElement\":[{\"@type\":\"ListItem\",\"position\":1,\"name\":\"Home\",\"item\":\"https:\/\/galkoelectrique.com\/en\/\"},{\"@type\":\"ListItem\",\"position\":2,\"name\":\"Nous joindre\"}]},{\"@type\":\"WebSite\",\"@id\":\"https:\/\/galkoelectrique.com\/#website\",\"url\":\"https:\/\/galkoelectrique.com\/\",\"name\":\"Galko \u00c9lectrique\",\"description\":\"Chez Galko, nos \u00e9lectriciens sont toujours au courant de vos besoins.\",\"potentialAction\":[{\"@type\":\"SearchAction\",\"target\":{\"@type\":\"EntryPoint\",\"urlTemplate\":\"https:\/\/galkoelectrique.com\/?s={search_term_string}\"},\"query-input\":{\"@type\":\"PropertyValueSpecification\",\"valueRequired\":true,\"valueName\":\"search_term_string\"}}],\"inLanguage\":\"en-US\"}]}<\/script>\n<!-- \/ Yoast SEO plugin. -->","yoast_head_json":{"title":"Nous joindre - Galko \u00c9lectrique","robots":{"index":"index","follow":"follow","max-snippet":"max-snippet:-1","max-image-preview":"max-image-preview:large","max-video-preview":"max-video-preview:-1"},"canonical":"https:\/\/galkoelectrique.com\/en\/nous-joindre\/","og_locale":"en_US","og_type":"article","og_title":"Nous joindre - Galko \u00c9lectrique","og_description":"NOUS JOINDRE ATTENTION! Seul un entrepreneur \u00e9lectricien peut faire des travaux d\u2019\u00e9lectricit\u00e9, \u00e0 titre de b\u00e9n\u00e9vole ou non! V\u00e9rifiez les permis d\u2019\u00e9lectricit\u00e9 de vos entrepreneurs ici \u00bb PAR T\u00c9L\u00c9PHONE 514 637-4884 OUVERT DU LUNDI AU VENDREDI DE 8 H \u00c0 17 H PAR COURRIEL info@galkoelectrique.com SUR LES M\u00c9DIAS SOCIAUX","og_url":"https:\/\/galkoelectrique.com\/en\/nous-joindre\/","og_site_name":"Galko \u00c9lectrique","twitter_card":"summary_large_image","twitter_misc":{"Est. reading time":"1 minute"},"schema":{"@context":"https:\/\/schema.org","@graph":[{"@type":"WebPage","@id":"https:\/\/galkoelectrique.com\/en\/nous-joindre\/","url":"https:\/\/galkoelectrique.com\/en\/nous-joindre\/","name":"Nous joindre - Galko \u00c9lectrique","isPartOf":{"@id":"https:\/\/galkoelectrique.com\/#website"},"datePublished":"2022-02-17T19:21:10+00:00","breadcrumb":{"@id":"https:\/\/galkoelectrique.com\/en\/nous-joindre\/#breadcrumb"},"inLanguage":"en-US","potentialAction":[{"@type":"ReadAction","target":["https:\/\/galkoelectrique.com\/en\/nous-joindre\/"]}]},{"@type":"BreadcrumbList","@id":"https:\/\/galkoelectrique.com\/en\/nous-joindre\/#breadcrumb","itemListElement":[{"@type":"ListItem","position":1,"name":"Home","item":"https:\/\/galkoelectrique.com\/en\/"},{"@type":"ListItem","position":2,"name":"Nous joindre"}]},{"@type":"WebSite","@id":"https:\/\/galkoelectrique.com\/#website","url":"https:\/\/galkoelectrique.com\/","name":"Galko \u00c9lectrique","description":"Chez Galko, nos \u00e9lectriciens sont toujours au courant de vos besoins.","potentialAction":[{"@type":"SearchAction","target":{"@type":"EntryPoint","urlTemplate":"https:\/\/galkoelectrique.com\/?s={search_term_string}"},"query-input":{"@type":"PropertyValueSpecification","valueRequired":true,"valueName":"search_term_string"}}],"inLanguage":"en-US"}]}},"_links":{"self":[{"href":"https:\/\/galkoelectrique.com\/en\/wp-json\/wp\/v2\/pages\/3042","targetHints":{"allow":["GET"]}}],"collection":[{"href":"https:\/\/galkoelectrique.com\/en\/wp-json\/wp\/v2\/pages"}],"about":[{"href":"https:\/\/galkoelectrique.com\/en\/wp-json\/wp\/v2\/types\/page"}],"author":[{"embeddable":true,"href":"https:\/\/galkoelectrique.com\/en\/wp-json\/wp\/v2\/users\/7"}],"replies":[{"embeddable":true,"href":"https:\/\/galkoelectrique.com\/en\/wp-json\/wp\/v2\/comments?post=3042"}],"version-history":[{"count":1,"href":"https:\/\/galkoelectrique.com\/en\/wp-json\/wp\/v2\/pages\/3042\/revisions"}],"predecessor-version":[{"id":3068,"href":"https:\/\/galkoelectrique.com\/en\/wp-json\/wp\/v2\/pages\/3042\/revisions\/3068"}],"wp:attachment":[{"href":"https:\/\/galkoelectrique.com\/en\/wp-json\/wp\/v2\/media?parent=3042"}],"curies":[{"name":"wp","href":"https:\/\/api.w.org\/{rel}","templated":true}]}}